{"id":1236,"date":"2025-07-03T08:08:28","date_gmt":"2025-07-03T08:08:28","guid":{"rendered":"https:\/\/yuhor.rs\/naslovna\/"},"modified":"2026-03-26T13:18:22","modified_gmt":"2026-03-26T13:18:22","slug":"naslovna","status":"publish","type":"page","link":"https:\/\/yuhor.rs\/en\/","title":{"rendered":"Naslovna"},"content":{"rendered":"\n    <section id=\"hero\"\n             class=\"hero hero--big\">\n                    <div class=\"swiper\">\n                <div class=\"swiper-wrapper\">\n                                            <div class=\"swiper-slide\">\n                            <img decoding=\"async\" class=\"hero__img\"\n                                 src=\"https:\/\/yuhor.rs\/wp-content\/uploads\/2025\/07\/hero-1.jpg\"\n                                 alt=\"\">\n                        <\/div>\n                                            <div class=\"swiper-slide\">\n                            <img decoding=\"async\" class=\"hero__img\"\n                                 src=\"https:\/\/yuhor.rs\/wp-content\/uploads\/2026\/01\/MG_3304-scaled.jpg\"\n                                 alt=\"\">\n                        <\/div>\n                                    <\/div>\n            <\/div>\n                <div class=\"hero__overlay\"><\/div>\n        <div class=\"container\">\n            <div class=\"hero__container\">\n                                                    <div class=\"hero__paragraphs\"><p>Spoj tradicije i vrhunskog ukusa je ono \u0161to nas razlikuje \u2013 i inspiri\u0161e.<br \/>\n Gurmanski do\u017eivljaj kojem se veruje ve\u0107 vi\u0161e od jednog veka. <\/p>\n<\/div>\n                                \n<a class=\"btn btn--green\"\n   href=\"#heading\">\n    <span class=\"btn__label\">\n        O nama    <\/span>\n            <svg xmlns=\"http:\/\/www.w3.org\/2000\/svg\" width=\"25\" height=\"9\" viewBox=\"0 0 25 9\" fill=\"none\">\n            <path d=\"M24.3536 4.85356C24.5488 4.65829 24.5488 4.34171 24.3536 4.14645L21.1716 0.964468C20.9763 0.769206 20.6597 0.769206 20.4645 0.964468C20.2692 1.15973 20.2692 1.47631 20.4645 1.67157L23.2929 4.5L20.4645 7.32843C20.2692 7.52369 20.2692 7.84027 20.4645 8.03554C20.6597 8.2308 20.9763 8.2308 21.1716 8.03554L24.3536 4.85356ZM0 4.5L-4.37114e-08 5L24 5L24 4.5L24 4L4.37114e-08 4L0 4.5Z\"\n                  fill=\"white\"\/>\n        <\/svg>\n    <\/a>\n\n\n\n            <\/div>\n        <\/div>\n        <div class=\"swiper-pagination\"><\/div>\n        <svg class=\"hero__graphic\"\n             xmlns=\"http:\/\/www.w3.org\/2000\/svg\" viewBox=\"0 0 1921 242\" fill=\"none\" preserveAspectRatio=\"none\">\n            <path d=\"M529.687 0.902155C322.164 6.79712 0 46.0199 0 46.0199V242H1921L1921 33.3305C1921 33.3305 1676.94 78.3913 1519.85 69.9887C1443.81 65.9212 1325.95 51.2059 1325.95 51.2059C1325.95 51.2059 841.173 -7.946 529.687 0.902155Z\"\n                  fill=\"white\"\/>\n        <\/svg>\n    <\/section>\n\n    \n\n\n\n        <section class=\"heading\" id=\"heading\">\n        <div class=\"container\">\n            <div class=\"heading__container\">\n                \n<div class=\"acf-block-heading\">\n    <div class=\"acf-block-heading__text\">\n                    <h1 class=\"acf-block-heading__title h1\">O nama<\/h1>\n                            <h2 class=\"acf-block-heading__subtitle h2\">Kako smo po\u010deli, kuda idemo<\/h2>\n                            <div class=\"acf-block-heading__paragraphs\"><p>Yuhor je pri\u010da o tradiciji dugoj vi\u0161e od jednog veka \u2013 pri\u010da o posve\u0107enosti kvalitetu i ume\u0107u pripreme mesnih proizvoda za svaku trpezu. Od 1902. godine negujemo nasle\u0111e majstora mesarske ve\u0161tine, spajaju\u0107i istinske gurmanske recepte sa savremenim na\u010dinom \u017eivota. Na\u0161i proizvodi, prepoznati po bogatom ukusu i pouzdanom kvalitetu, ve\u0107 generacijama zauzimaju posebno mesto u domovima na\u0161ih potro\u0161a\u010da. Uz tradiciju kao temelj i kvalitet kao vodi\u010d, nastavljamo da stvaramo ukuse kojima se veruje.<\/p>\n<\/div>\n            <\/div>\n            \n<a class=\"btn btn--green\"\n   href=\"https:\/\/yuhor.rs\/o-nama\/\">\n    <span class=\"btn__label\">\n        Pro\u010ditaj vi\u0161e    <\/span>\n            <svg xmlns=\"http:\/\/www.w3.org\/2000\/svg\" width=\"25\" height=\"9\" viewBox=\"0 0 25 9\" fill=\"none\">\n            <path d=\"M24.3536 4.85356C24.5488 4.65829 24.5488 4.34171 24.3536 4.14645L21.1716 0.964468C20.9763 0.769206 20.6597 0.769206 20.4645 0.964468C20.2692 1.15973 20.2692 1.47631 20.4645 1.67157L23.2929 4.5L20.4645 7.32843C20.2692 7.52369 20.2692 7.84027 20.4645 8.03554C20.6597 8.2308 20.9763 8.2308 21.1716 8.03554L24.3536 4.85356ZM0 4.5L-4.37114e-08 5L24 5L24 4.5L24 4L4.37114e-08 4L0 4.5Z\"\n                  fill=\"white\"\/>\n        <\/svg>\n    <\/a>\n\n\n\n<\/div>\n            <\/div>\n        <\/div>\n    <\/section>\n    \n\n\n\n    <section id=\"product-categories\"\n             class=\"product-categories\">\n        <div class=\"container\">\n            <div class=\"product-categories__container\">\n                                                        <a class=\"product-categories__item\"\n                       href=\"https:\/\/yuhor.rs\/proizvodi\/?cats=13\">\n                        <div class=\"product-categories__item-container\">\n                            <div class=\"product-categories__item-content\">\n                                <h3 class=\"product-categories__item-title\">Dimljeni proizvodi<\/h3>\n                                                                    <img decoding=\"async\" class=\"product-categories__item-img\"\n                                         src=\"https:\/\/yuhor.rs\/wp-content\/uploads\/2026\/01\/Dimljeni-i-suvi-proizvodi.png\"\n                                         alt=\"\">\n                                                            <\/div>\n                        <\/div>\n                    <\/a>\n                                                        <a class=\"product-categories__item\"\n                       href=\"https:\/\/yuhor.rs\/proizvodi\/?cats=10\">\n                        <div class=\"product-categories__item-container\">\n                            <div class=\"product-categories__item-content\">\n                                <h3 class=\"product-categories__item-title\">Fermentisani proizvodi<\/h3>\n                                                                    <img decoding=\"async\" class=\"product-categories__item-img\"\n                                         src=\"https:\/\/yuhor.rs\/wp-content\/uploads\/2026\/01\/Fermentisani-proizvodi.png\"\n                                         alt=\"\">\n                                                            <\/div>\n                        <\/div>\n                    <\/a>\n                                                        <a class=\"product-categories__item\"\n                       href=\"https:\/\/yuhor.rs\/proizvodi\/?cats=11\">\n                        <div class=\"product-categories__item-container\">\n                            <div class=\"product-categories__item-content\">\n                                <h3 class=\"product-categories__item-title\">\u0160unke<\/h3>\n                                                                    <img decoding=\"async\" class=\"product-categories__item-img\"\n                                         src=\"https:\/\/yuhor.rs\/wp-content\/uploads\/2026\/01\/Sunke.png\"\n                                         alt=\"\">\n                                                            <\/div>\n                        <\/div>\n                    <\/a>\n                                                        <a class=\"product-categories__item\"\n                       href=\"https:\/\/yuhor.rs\/proizvodi\/?cats=14\">\n                        <div class=\"product-categories__item-container\">\n                            <div class=\"product-categories__item-content\">\n                                <h3 class=\"product-categories__item-title\">Bareni proizvodi<\/h3>\n                                                                    <img decoding=\"async\" class=\"product-categories__item-img\"\n                                         src=\"https:\/\/yuhor.rs\/wp-content\/uploads\/2026\/01\/bareni-proizvodi.png\"\n                                         alt=\"\">\n                                                            <\/div>\n                        <\/div>\n                    <\/a>\n                                                        <a class=\"product-categories__item\"\n                       href=\"https:\/\/yuhor.rs\/proizvodi\/?cats=18\">\n                        <div class=\"product-categories__item-container\">\n                            <div class=\"product-categories__item-content\">\n                                <h3 class=\"product-categories__item-title\">Kobasice i hrenovke<\/h3>\n                                                                    <img decoding=\"async\" class=\"product-categories__item-img\"\n                                         src=\"https:\/\/yuhor.rs\/wp-content\/uploads\/2026\/01\/Grill-i-virsle.png\"\n                                         alt=\"\">\n                                                            <\/div>\n                        <\/div>\n                    <\/a>\n                                                        <a class=\"product-categories__item\"\n                       href=\"https:\/\/yuhor.rs\/proizvodi\/?cats=15\">\n                        <div class=\"product-categories__item-container\">\n                            <div class=\"product-categories__item-content\">\n                                <h3 class=\"product-categories__item-title\">Pa\u0161tete i naresci<\/h3>\n                                                                    <img decoding=\"async\" class=\"product-categories__item-img\"\n                                         src=\"https:\/\/yuhor.rs\/wp-content\/uploads\/2026\/01\/Pastete-i-naresci.png\"\n                                         alt=\"\">\n                                                            <\/div>\n                        <\/div>\n                    <\/a>\n                            <\/div>\n        <\/div>\n\n    <\/section>\n\n    \n\n\n\n    \n    \n\n\n    <section id=\"slider\"\n             class=\"slider\">\n                    <div class=\"slider__content\">\n                <div class=\"slider__left\">\n                    <div class=\"swiper\">\n                        <div class=\"swiper-wrapper\">\n                                                                                            <div class=\"swiper-slide\">\n                                    <div class=\"container\">\n                                                                                                                            <img decoding=\"async\" class=\"slider__left-img\"\n                                                 src=\"https:\/\/yuhor.rs\/wp-content\/uploads\/2026\/01\/Group-1000002137-e1768237976676.png\"\n                                                 alt=\"\">\n                                                                                                                            <h3 class=\"slider__left-title h2\">Pikant salama<\/h3>\n                                                                                \n<a class=\"btn btn--white-outline\"\n   href=\"https:\/\/yuhor.rs\/proizvodi\/\">\n    <span class=\"btn__label\">\n        Pogledaj proizvode    <\/span>\n            <svg xmlns=\"http:\/\/www.w3.org\/2000\/svg\" width=\"25\" height=\"9\" viewBox=\"0 0 25 9\" fill=\"none\">\n            <path d=\"M24.3536 4.85356C24.5488 4.65829 24.5488 4.34171 24.3536 4.14645L21.1716 0.964468C20.9763 0.769206 20.6597 0.769206 20.4645 0.964468C20.2692 1.15973 20.2692 1.47631 20.4645 1.67157L23.2929 4.5L20.4645 7.32843C20.2692 7.52369 20.2692 7.84027 20.4645 8.03554C20.6597 8.2308 20.9763 8.2308 21.1716 8.03554L24.3536 4.85356ZM0 4.5L-4.37114e-08 5L24 5L24 4.5L24 4L4.37114e-08 4L0 4.5Z\"\n                  fill=\"white\"\/>\n        <\/svg>\n    <\/a>\n\n\n\n                                    <\/div>\n                                <\/div>\n                                                                                            <div class=\"swiper-slide\">\n                                    <div class=\"container\">\n                                                                                                                            <img decoding=\"async\" class=\"slider__left-img\"\n                                                 src=\"https:\/\/yuhor.rs\/wp-content\/uploads\/2026\/01\/yuhor-pizza-sunka-mini-350g-666601960846e-1.png\"\n                                                 alt=\"\">\n                                                                                                                            <h3 class=\"slider__left-title h2\">Pizza \u0161unka<\/h3>\n                                                                                \n<a class=\"btn btn--white-outline\"\n   href=\"https:\/\/yuhor.rs\/proizvodi\/\">\n    <span class=\"btn__label\">\n        Pogledaj proizvode    <\/span>\n            <svg xmlns=\"http:\/\/www.w3.org\/2000\/svg\" width=\"25\" height=\"9\" viewBox=\"0 0 25 9\" fill=\"none\">\n            <path d=\"M24.3536 4.85356C24.5488 4.65829 24.5488 4.34171 24.3536 4.14645L21.1716 0.964468C20.9763 0.769206 20.6597 0.769206 20.4645 0.964468C20.2692 1.15973 20.2692 1.47631 20.4645 1.67157L23.2929 4.5L20.4645 7.32843C20.2692 7.52369 20.2692 7.84027 20.4645 8.03554C20.6597 8.2308 20.9763 8.2308 21.1716 8.03554L24.3536 4.85356ZM0 4.5L-4.37114e-08 5L24 5L24 4.5L24 4L4.37114e-08 4L0 4.5Z\"\n                  fill=\"white\"\/>\n        <\/svg>\n    <\/a>\n\n\n\n                                    <\/div>\n                                <\/div>\n                                                    <\/div>\n                    <\/div>\n                <\/div>\n                <div class=\"slider__right\">\n                    <div class=\"swiper\">\n                        <div class=\"swiper-wrapper\">\n                                                                                            <div class=\"swiper-slide\">\n                                                                            <img decoding=\"async\" class=\"slider__right-img\"\n                                             src=\"https:\/\/yuhor.rs\/wp-content\/uploads\/2025\/10\/shutterstock_1161930907-1.jpg\"\n                                             alt=\"\">\n                                                                    <\/div>\n                                                                                            <div class=\"swiper-slide\">\n                                                                            <img decoding=\"async\" class=\"slider__right-img\"\n                                             src=\"https:\/\/yuhor.rs\/wp-content\/uploads\/2026\/01\/Pizza-sunka-scaled.jpg\"\n                                             alt=\"\">\n                                                                    <\/div>\n                                                    <\/div>\n                    <\/div>\n\n                <\/div>\n            <\/div>\n                <div class=\"container\">\n            <div class=\"slider__container\">\n                                    <img decoding=\"async\" class=\"slider__logo\"\n                         src=\"https:\/\/yuhor.rs\/wp-content\/uploads\/2025\/12\/yuhor-ducan.png\"\n                         alt=\"\">\n                                                    <p class=\"slider__eyebrow eyebrow\">mesto gde kvalitet postaje deo va\u0161e svakodnevice.<\/p>\n                                                    <div class=\"slider__paragraphs\"><p>Na\u0161i maloprodajni objekti \u0161irom Srbije omogu\u0107avaju potro\u0161a\u010dima svakodnevno u\u017eivanje u proizvodima vrhunskog kvaliteta. U ponudi su sve\u017ee meso, delikatesi i stalno a\u017eurirane akcije, uz ljubaznu i efikasnu uslugu. Posetite nas i uverite se za\u0161to je Yuhor kvalitet koji spaja tradiciju i savremeni na\u010din \u017eivota.<\/p>\n<\/div>\n                                \n<a class=\"btn btn--green\"\n   href=\"https:\/\/yuhor.rs\/yuhor-kuhinja\/\">\n    <span class=\"btn__label\">\n        POSETI NAS    <\/span>\n            <svg xmlns=\"http:\/\/www.w3.org\/2000\/svg\" width=\"25\" height=\"9\" viewBox=\"0 0 25 9\" fill=\"none\">\n            <path d=\"M24.3536 4.85356C24.5488 4.65829 24.5488 4.34171 24.3536 4.14645L21.1716 0.964468C20.9763 0.769206 20.6597 0.769206 20.4645 0.964468C20.2692 1.15973 20.2692 1.47631 20.4645 1.67157L23.2929 4.5L20.4645 7.32843C20.2692 7.52369 20.2692 7.84027 20.4645 8.03554C20.6597 8.2308 20.9763 8.2308 21.1716 8.03554L24.3536 4.85356ZM0 4.5L-4.37114e-08 5L24 5L24 4.5L24 4L4.37114e-08 4L0 4.5Z\"\n                  fill=\"white\"\/>\n        <\/svg>\n    <\/a>\n\n\n\n            <\/div>\n        <\/div>\n    <\/section>\n\n    \n\n\n\n    <section id=\"book\"\n             class=\"book\">\n                    <img decoding=\"async\" class=\"book__img\"\n                 src=\"https:\/\/yuhor.rs\/wp-content\/uploads\/2025\/10\/Frame-7680.jpg\"\n                 alt=\"\">\n                <div class=\"book__gradient\"><\/div>\n        <div class=\"container\">\n            <div class=\"book__container\">\n                <div class=\"book__heading\">\n                                            <p class=\"book__eyebrow eyebrow\">Dobrodo\u0161li u Yuhor kuhinju<\/p>\n                                                                <h2 class=\"book__title h2\">Mesto gde po\u010dinje ukusna inspiracija.<\/h2>\n                                    <\/div>\n                \n<a class=\"btn btn--green\"\n   href=\"https:\/\/yuhor.rs\/yuhor-kuhinja\/\">\n    <span class=\"btn__label\">\n        Pogledaj sve recepte    <\/span>\n            <svg xmlns=\"http:\/\/www.w3.org\/2000\/svg\" width=\"25\" height=\"9\" viewBox=\"0 0 25 9\" fill=\"none\">\n            <path d=\"M24.3536 4.85356C24.5488 4.65829 24.5488 4.34171 24.3536 4.14645L21.1716 0.964468C20.9763 0.769206 20.6597 0.769206 20.4645 0.964468C20.2692 1.15973 20.2692 1.47631 20.4645 1.67157L23.2929 4.5L20.4645 7.32843C20.2692 7.52369 20.2692 7.84027 20.4645 8.03554C20.6597 8.2308 20.9763 8.2308 21.1716 8.03554L24.3536 4.85356ZM0 4.5L-4.37114e-08 5L24 5L24 4.5L24 4L4.37114e-08 4L0 4.5Z\"\n                  fill=\"white\"\/>\n        <\/svg>\n    <\/a>\n\n\n\n            <\/div>\n        <\/div>\n    <\/section>\n\n    \n\n\n\n    <section id=\"video\"\n             class=\"video\">\n        <div class=\"container\">\n            <div class=\"video__container\">\n                <div class=\"video__heading\">\n                                            <p class=\"video__eyebrow eyebrow\">jo\u0161 od 1902.<\/p>\n                                                                <h2 class=\"video__title h2\">Pri\u010da o ukusu, tradiciji i poverenju<\/h2>\n                                                                <div class=\"video__paragraphs\"><p>Yuhor je vi\u0161e od proizvo\u0111a\u010da \u2013 mi smo doma\u0107in na svakoj trpezi.<br \/>\nVe\u0107 generacijama, na\u0161i proizvodi nastaju pa\u017eljivo, po receptima koji spajaju porodi\u010dne vrednosti, nasle\u0111eno znanje i ukuse koje dana\u0161nji \u017eivot tra\u017ei.<br \/>\nNeka vas kvalitet vodi \u2013 kao \u0161to vodi nas, vi\u0161e od jednog veka.<\/p>\n<\/div>\n                                    <\/div>\n            <\/div>\n        <\/div>\n        <div class=\"video__media\">\n                            <video class=\"video__media-video\"\n                       autoplay\n                       loop\n                       muted\n                       playsinline>\n                    <source src=\"https:\/\/yuhor.rs\/wp-content\/uploads\/2026\/01\/IMG_4754.mp4\" type=\"video\/mp4\">\n                <\/video>\n                                <\/div>\n    <\/section>\n\n    \n","protected":false},"excerpt":{"rendered":"","protected":false},"author":1,"featured_media":1169,"parent":0,"menu_order":0,"comment_status":"closed","ping_status":"closed","template":"","meta":{"_acf_changed":false,"footnotes":""},"class_list":["post-1236","page","type-page","status-publish","has-post-thumbnail","hentry"],"acf":[],"yoast_head":"<!-- This site is optimized with the Yoast SEO plugin v27.1.1 - https:\/\/yoast.com\/product\/yoast-seo-wordpress\/ -->\n<title>Naslovna - yuhor<\/title>\n<meta name=\"robots\" content=\"index, follow, max-snippet:-1, max-image-preview:large, max-video-preview:-1\" \/>\n<link rel=\"canonical\" href=\"https:\/\/yuhor.rs\/en\/\" \/>\n<meta property=\"og:locale\" content=\"en_US\" \/>\n<meta property=\"og:type\" content=\"article\" \/>\n<meta property=\"og:title\" content=\"Naslovna - yuhor\" \/>\n<meta property=\"og:url\" content=\"https:\/\/yuhor.rs\/en\/\" \/>\n<meta property=\"og:site_name\" content=\"yuhor\" \/>\n<meta property=\"article:modified_time\" content=\"2026-03-26T13:18:22+00:00\" \/>\n<meta property=\"og:image\" content=\"https:\/\/yuhor.rs\/wp-content\/uploads\/2026\/01\/Isolation_Mode.png\" \/>\n\t<meta property=\"og:image:width\" content=\"2161\" \/>\n\t<meta property=\"og:image:height\" content=\"1558\" \/>\n\t<meta property=\"og:image:type\" content=\"image\/png\" \/>\n<meta name=\"twitter:card\" content=\"summary_large_image\" \/>\n<script type=\"application\/ld+json\" class=\"yoast-schema-graph\">{\"@context\":\"https:\/\/schema.org\",\"@graph\":[{\"@type\":\"WebPage\",\"@id\":\"https:\/\/yuhor.rs\/en\/\",\"url\":\"https:\/\/yuhor.rs\/en\/\",\"name\":\"Naslovna - yuhor\",\"isPartOf\":{\"@id\":\"https:\/\/yuhor.rs\/#website\"},\"primaryImageOfPage\":{\"@id\":\"https:\/\/yuhor.rs\/en\/#primaryimage\"},\"image\":{\"@id\":\"https:\/\/yuhor.rs\/en\/#primaryimage\"},\"thumbnailUrl\":\"https:\/\/yuhor.rs\/wp-content\/uploads\/2026\/01\/Isolation_Mode.png\",\"datePublished\":\"2025-07-03T08:08:28+00:00\",\"dateModified\":\"2026-03-26T13:18:22+00:00\",\"breadcrumb\":{\"@id\":\"https:\/\/yuhor.rs\/en\/#breadcrumb\"},\"inLanguage\":\"en-US\",\"potentialAction\":[{\"@type\":\"ReadAction\",\"target\":[\"https:\/\/yuhor.rs\/en\/\"]}]},{\"@type\":\"ImageObject\",\"inLanguage\":\"en-US\",\"@id\":\"https:\/\/yuhor.rs\/en\/#primaryimage\",\"url\":\"https:\/\/yuhor.rs\/wp-content\/uploads\/2026\/01\/Isolation_Mode.png\",\"contentUrl\":\"https:\/\/yuhor.rs\/wp-content\/uploads\/2026\/01\/Isolation_Mode.png\",\"width\":2161,\"height\":1558},{\"@type\":\"BreadcrumbList\",\"@id\":\"https:\/\/yuhor.rs\/en\/#breadcrumb\",\"itemListElement\":[{\"@type\":\"ListItem\",\"position\":1,\"name\":\"Home\",\"item\":\"https:\/\/yuhor.rs\/en\/\"},{\"@type\":\"ListItem\",\"position\":2,\"name\":\"Naslovna\"}]},{\"@type\":\"WebSite\",\"@id\":\"https:\/\/yuhor.rs\/#website\",\"url\":\"https:\/\/yuhor.rs\/\",\"name\":\"yuhor\",\"description\":\"\",\"potentialAction\":[{\"@type\":\"SearchAction\",\"target\":{\"@type\":\"EntryPoint\",\"urlTemplate\":\"https:\/\/yuhor.rs\/?s={search_term_string}\"},\"query-input\":{\"@type\":\"PropertyValueSpecification\",\"valueRequired\":true,\"valueName\":\"search_term_string\"}}],\"inLanguage\":\"en-US\"}]}<\/script>\n<!-- \/ Yoast SEO plugin. -->","yoast_head_json":{"title":"Naslovna - yuhor","robots":{"index":"index","follow":"follow","max-snippet":"max-snippet:-1","max-image-preview":"max-image-preview:large","max-video-preview":"max-video-preview:-1"},"canonical":"https:\/\/yuhor.rs\/en\/","og_locale":"en_US","og_type":"article","og_title":"Naslovna - yuhor","og_url":"https:\/\/yuhor.rs\/en\/","og_site_name":"yuhor","article_modified_time":"2026-03-26T13:18:22+00:00","og_image":[{"width":2161,"height":1558,"url":"https:\/\/yuhor.rs\/wp-content\/uploads\/2026\/01\/Isolation_Mode.png","type":"image\/png"}],"twitter_card":"summary_large_image","schema":{"@context":"https:\/\/schema.org","@graph":[{"@type":"WebPage","@id":"https:\/\/yuhor.rs\/en\/","url":"https:\/\/yuhor.rs\/en\/","name":"Naslovna - yuhor","isPartOf":{"@id":"https:\/\/yuhor.rs\/#website"},"primaryImageOfPage":{"@id":"https:\/\/yuhor.rs\/en\/#primaryimage"},"image":{"@id":"https:\/\/yuhor.rs\/en\/#primaryimage"},"thumbnailUrl":"https:\/\/yuhor.rs\/wp-content\/uploads\/2026\/01\/Isolation_Mode.png","datePublished":"2025-07-03T08:08:28+00:00","dateModified":"2026-03-26T13:18:22+00:00","breadcrumb":{"@id":"https:\/\/yuhor.rs\/en\/#breadcrumb"},"inLanguage":"en-US","potentialAction":[{"@type":"ReadAction","target":["https:\/\/yuhor.rs\/en\/"]}]},{"@type":"ImageObject","inLanguage":"en-US","@id":"https:\/\/yuhor.rs\/en\/#primaryimage","url":"https:\/\/yuhor.rs\/wp-content\/uploads\/2026\/01\/Isolation_Mode.png","contentUrl":"https:\/\/yuhor.rs\/wp-content\/uploads\/2026\/01\/Isolation_Mode.png","width":2161,"height":1558},{"@type":"BreadcrumbList","@id":"https:\/\/yuhor.rs\/en\/#breadcrumb","itemListElement":[{"@type":"ListItem","position":1,"name":"Home","item":"https:\/\/yuhor.rs\/en\/"},{"@type":"ListItem","position":2,"name":"Naslovna"}]},{"@type":"WebSite","@id":"https:\/\/yuhor.rs\/#website","url":"https:\/\/yuhor.rs\/","name":"yuhor","description":"","potentialAction":[{"@type":"SearchAction","target":{"@type":"EntryPoint","urlTemplate":"https:\/\/yuhor.rs\/?s={search_term_string}"},"query-input":{"@type":"PropertyValueSpecification","valueRequired":true,"valueName":"search_term_string"}}],"inLanguage":"en-US"}]}},"jetpack_sharing_enabled":true,"_links":{"self":[{"href":"https:\/\/yuhor.rs\/en\/wp-json\/wp\/v2\/pages\/1236","targetHints":{"allow":["GET"]}}],"collection":[{"href":"https:\/\/yuhor.rs\/en\/wp-json\/wp\/v2\/pages"}],"about":[{"href":"https:\/\/yuhor.rs\/en\/wp-json\/wp\/v2\/types\/page"}],"author":[{"embeddable":true,"href":"https:\/\/yuhor.rs\/en\/wp-json\/wp\/v2\/users\/1"}],"replies":[{"embeddable":true,"href":"https:\/\/yuhor.rs\/en\/wp-json\/wp\/v2\/comments?post=1236"}],"version-history":[{"count":2,"href":"https:\/\/yuhor.rs\/en\/wp-json\/wp\/v2\/pages\/1236\/revisions"}],"predecessor-version":[{"id":1357,"href":"https:\/\/yuhor.rs\/en\/wp-json\/wp\/v2\/pages\/1236\/revisions\/1357"}],"wp:featuredmedia":[{"embeddable":true,"href":"https:\/\/yuhor.rs\/en\/wp-json\/wp\/v2\/media\/1169"}],"wp:attachment":[{"href":"https:\/\/yuhor.rs\/en\/wp-json\/wp\/v2\/media?parent=1236"}],"curies":[{"name":"wp","href":"https:\/\/api.w.org\/{rel}","templated":true}]}}